{"id":296,"date":"2024-10-31T11:38:22","date_gmt":"2024-10-31T11:38:22","guid":{"rendered":"https:\/\/flawlesslivemusic.com\/kind-words\/"},"modified":"2025-03-28T13:21:19","modified_gmt":"2025-03-28T13:21:19","slug":"formatos","status":"publish","type":"page","link":"http:\/\/flawlesslivemusic.com\/en\/formatos\/","title":{"rendered":"Formats"},"content":{"rendered":"<div data-elementor-type=\"wp-page\" data-elementor-id=\"296\" class=\"elementor elementor-296\" data-elementor-post-type=\"page\">\n\t\t\t\t<div class=\"elementor-element elementor-element-fc50e58 e-con-full e-flex e-con e-parent\" data-id=\"fc50e58\" data-element_type=\"container\">\n\t\t<div class=\"elementor-element elementor-element-18a63a8c e-con-full e-flex e-con e-child\" data-id=\"18a63a8c\" data-element_type=\"container\" data-settings=\"{&quot;background_background&quot;:&quot;gradient&quot;}\">\n\t\t\t\t<div class=\"elementor-element elementor-element-ed8c1c5 elementor-widget elementor-widget-video\" data-id=\"ed8c1c5\" data-element_type=\"widget\" data-settings=\"{&quot;youtube_url&quot;:&quot;https:\\\/\\\/www.youtube.com\\\/watch?v=jyt3UCZEjGU&quot;,&quot;video_type&quot;:&quot;youtube&quot;,&quot;controls&quot;:&quot;yes&quot;}\" data-widget_type=\"video.default\">\n\t\t\t\t<div class=\"elementor-widget-container\">\n\t\t\t\t\t\t\t<div class=\"elementor-wrapper elementor-open-inline\">\n\t\t\t<div class=\"elementor-video\"><\/div>\t\t<\/div>\n\t\t\t\t\t\t<\/div>\n\t\t\t\t<\/div>\n\t\t\t\t<\/div>\n\t\t<div class=\"elementor-element elementor-element-ad8ee3 e-con-full e-flex e-con e-child\" data-id=\"ad8ee3\" data-element_type=\"container\">\n\t\t\t\t<div class=\"elementor-element elementor-element-a914085 elementor-widget elementor-widget-heading\" data-id=\"a914085\" data-element_type=\"widget\" data-widget_type=\"heading.default\">\n\t\t\t\t<div class=\"elementor-widget-container\">\n\t\t\t\t\t<h1 class=\"elementor-heading-title elementor-size-default\">duo<\/h1>\t\t\t\t<\/div>\n\t\t\t\t<\/div>\n\t\t\t\t<div class=\"elementor-element elementor-element-45a9fe38 elementor-widget elementor-widget-text-editor\" data-id=\"45a9fe38\" data-element_type=\"widget\" data-widget_type=\"text-editor.default\">\n\t\t\t\t<div class=\"elementor-widget-container\">\n\t\t\t\t\t\t\t\t\t<p><span style=\"font-weight: 400;\">Our performances revolve around vocal arrangements accompanied by an acoustic guitar that fulfills its role with subtlety, yet with great strength. The contrast between our voices and the guitar creates the perfect synergy.<\/span><\/p>\t\t\t\t\t\t\t\t<\/div>\n\t\t\t\t<\/div>\n\t\t\t\t<div class=\"elementor-element elementor-element-f041c80 elementor-align-center elementor-widget elementor-widget-button\" data-id=\"f041c80\" data-element_type=\"widget\" data-widget_type=\"button.default\">\n\t\t\t\t<div class=\"elementor-widget-container\">\n\t\t\t\t\t\t\t\t\t<div class=\"elementor-button-wrapper\">\n\t\t\t\t\t<a class=\"elementor-button elementor-button-link elementor-size-sm elementor-animation-hang\" href=\"https:\/\/flawlesslivemusic.com\/en\/galeria-visual\/\">\n\t\t\t\t\t\t<span class=\"elementor-button-content-wrapper\">\n\t\t\t\t\t\t\t\t\t<span class=\"elementor-button-text\">See more \u27f6<\/span>\n\t\t\t\t\t<\/span>\n\t\t\t\t\t<\/a>\n\t\t\t\t<\/div>\n\t\t\t\t\t\t\t\t<\/div>\n\t\t\t\t<\/div>\n\t\t\t\t<\/div>\n\t\t\t\t<\/div>\n\t\t<div class=\"elementor-element elementor-element-ae33700 e-con-full e-flex e-con e-parent\" data-id=\"ae33700\" data-element_type=\"container\">\n\t\t<div class=\"elementor-element elementor-element-9128802 e-con-full e-flex e-con e-child\" data-id=\"9128802\" data-element_type=\"container\">\n\t\t\t\t<div class=\"elementor-element elementor-element-bf72de8 elementor-widget elementor-widget-heading\" data-id=\"bf72de8\" data-element_type=\"widget\" data-widget_type=\"heading.default\">\n\t\t\t\t<div class=\"elementor-widget-container\">\n\t\t\t\t\t<h2 class=\"elementor-heading-title elementor-size-default\">trio<\/h2>\t\t\t\t<\/div>\n\t\t\t\t<\/div>\n\t\t\t\t<div class=\"elementor-element elementor-element-047b2b8 elementor-widget elementor-widget-text-editor\" data-id=\"047b2b8\" data-element_type=\"widget\" data-widget_type=\"text-editor.default\">\n\t\t\t\t<div class=\"elementor-widget-container\">\n\t\t\t\t\t\t\t\t\t<p><span style=\"font-weight: 400;\">The elegance of a violin or a lively flugelhorn adds a charming touch of strings or wind. Accompanied by an extra harmony that enriches our duo format, creating a truly magical experience.<\/span><\/p>\t\t\t\t\t\t\t\t<\/div>\n\t\t\t\t<\/div>\n\t\t\t\t<div class=\"elementor-element elementor-element-e5605a5 elementor-align-center elementor-widget elementor-widget-button\" data-id=\"e5605a5\" data-element_type=\"widget\" data-widget_type=\"button.default\">\n\t\t\t\t<div class=\"elementor-widget-container\">\n\t\t\t\t\t\t\t\t\t<div class=\"elementor-button-wrapper\">\n\t\t\t\t\t<a class=\"elementor-button elementor-button-link elementor-size-sm elementor-animation-hang\" href=\"https:\/\/flawlesslivemusic.com\/en\/galeria-visual\/\">\n\t\t\t\t\t\t<span class=\"elementor-button-content-wrapper\">\n\t\t\t\t\t\t\t\t\t<span class=\"elementor-button-text\">See more \u27f6<\/span>\n\t\t\t\t\t<\/span>\n\t\t\t\t\t<\/a>\n\t\t\t\t<\/div>\n\t\t\t\t\t\t\t\t<\/div>\n\t\t\t\t<\/div>\n\t\t\t\t<\/div>\n\t\t<div class=\"elementor-element elementor-element-66f0046 e-con-full e-flex e-con e-child\" data-id=\"66f0046\" data-element_type=\"container\" data-settings=\"{&quot;background_background&quot;:&quot;gradient&quot;}\">\n\t\t\t\t<div class=\"elementor-element elementor-element-bc2b545 elementor-widget elementor-widget-video\" data-id=\"bc2b545\" data-element_type=\"widget\" data-settings=\"{&quot;youtube_url&quot;:&quot;https:\\\/\\\/www.youtube.com\\\/watch?v=kngtwHAE_rI&amp;t=2s&quot;,&quot;video_type&quot;:&quot;youtube&quot;,&quot;controls&quot;:&quot;yes&quot;}\" data-widget_type=\"video.default\">\n\t\t\t\t<div class=\"elementor-widget-container\">\n\t\t\t\t\t\t\t<div class=\"elementor-wrapper elementor-open-inline\">\n\t\t\t<div class=\"elementor-video\"><\/div>\t\t<\/div>\n\t\t\t\t\t\t<\/div>\n\t\t\t\t<\/div>\n\t\t\t\t<\/div>\n\t\t\t\t<\/div>\n\t\t<div class=\"elementor-element elementor-element-bfae73a e-con-full e-flex e-con e-parent\" data-id=\"bfae73a\" data-element_type=\"container\">\n\t\t<div class=\"elementor-element elementor-element-18ace1f e-con-full e-flex e-con e-child\" data-id=\"18ace1f\" data-element_type=\"container\" data-settings=\"{&quot;background_background&quot;:&quot;gradient&quot;}\">\n\t\t\t\t<div class=\"elementor-element elementor-element-2bcb1d1 elementor-widget elementor-widget-video\" data-id=\"2bcb1d1\" data-element_type=\"widget\" data-settings=\"{&quot;youtube_url&quot;:&quot;https:\\\/\\\/www.youtube.com\\\/watch?v=B1v5KCixNdo&quot;,&quot;video_type&quot;:&quot;youtube&quot;,&quot;controls&quot;:&quot;yes&quot;}\" data-widget_type=\"video.default\">\n\t\t\t\t<div class=\"elementor-widget-container\">\n\t\t\t\t\t\t\t<div class=\"elementor-wrapper elementor-open-inline\">\n\t\t\t<div class=\"elementor-video\"><\/div>\t\t<\/div>\n\t\t\t\t\t\t<\/div>\n\t\t\t\t<\/div>\n\t\t\t\t<\/div>\n\t\t<div class=\"elementor-element elementor-element-ba61571 e-con-full e-flex e-con e-child\" data-id=\"ba61571\" data-element_type=\"container\">\n\t\t\t\t<div class=\"elementor-element elementor-element-db867a9 elementor-widget elementor-widget-heading\" data-id=\"db867a9\" data-element_type=\"widget\" data-widget_type=\"heading.default\">\n\t\t\t\t<div class=\"elementor-widget-container\">\n\t\t\t\t\t<h1 class=\"elementor-heading-title elementor-size-default\">Band<\/h1>\t\t\t\t<\/div>\n\t\t\t\t<\/div>\n\t\t\t\t<div class=\"elementor-element elementor-element-1c9448f elementor-widget elementor-widget-text-editor\" data-id=\"1c9448f\" data-element_type=\"widget\" data-widget_type=\"text-editor.default\">\n\t\t\t\t<div class=\"elementor-widget-container\">\n\t\t\t\t\t\t\t\t\t<p>When we add more instruments, the energy multiplies. Vibrant rhythms, immersive harmonies, and a unique on-stage connection create a richer, more nuanced sound experience. Pure live magic!<\/p>\t\t\t\t\t\t\t\t<\/div>\n\t\t\t\t<\/div>\n\t\t\t\t<div class=\"elementor-element elementor-element-40534d0 elementor-align-center elementor-widget elementor-widget-button\" data-id=\"40534d0\" data-element_type=\"widget\" data-widget_type=\"button.default\">\n\t\t\t\t<div class=\"elementor-widget-container\">\n\t\t\t\t\t\t\t\t\t<div class=\"elementor-button-wrapper\">\n\t\t\t\t\t<a class=\"elementor-button elementor-button-link elementor-size-sm elementor-animation-hang\" href=\"https:\/\/flawlesslivemusic.com\/en\/galeria-visual\/\">\n\t\t\t\t\t\t<span class=\"elementor-button-content-wrapper\">\n\t\t\t\t\t\t\t\t\t<span class=\"elementor-button-text\">See more \u27f6<\/span>\n\t\t\t\t\t<\/span>\n\t\t\t\t\t<\/a>\n\t\t\t\t<\/div>\n\t\t\t\t\t\t\t\t<\/div>\n\t\t\t\t<\/div>\n\t\t\t\t<\/div>\n\t\t\t\t<\/div>\n\t\t<div class=\"elementor-element elementor-element-10d557e8 e-con-full e-flex e-con e-parent\" data-id=\"10d557e8\" data-element_type=\"container\" data-settings=\"{&quot;background_background&quot;:&quot;classic&quot;}\">\n\t\t<div class=\"elementor-element elementor-element-6b45bd32 e-con-full e-flex e-con e-child\" data-id=\"6b45bd32\" data-element_type=\"container\">\n\t\t\t\t<div class=\"elementor-element elementor-element-58a44c8f elementor-invisible elementor-widget elementor-widget-heading\" data-id=\"58a44c8f\" data-element_type=\"widget\" data-settings=\"{&quot;_animation&quot;:&quot;fadeIn&quot;}\" data-widget_type=\"heading.default\">\n\t\t\t\t<div class=\"elementor-widget-container\">\n\t\t\t\t\t<h2 class=\"elementor-heading-title elementor-size-default\">Contact us<\/h2>\t\t\t\t<\/div>\n\t\t\t\t<\/div>\n\t\t\t\t<div class=\"elementor-element elementor-element-52b16c90 elementor-widget__width-initial elementor-widget-mobile__width-inherit elementor-widget elementor-widget-text-editor\" data-id=\"52b16c90\" data-element_type=\"widget\" data-widget_type=\"text-editor.default\">\n\t\t\t\t<div class=\"elementor-widget-container\">\n\t\t\t\t\t\t\t\t\t<div class=\"elementor-element elementor-element-5bd93e elementor-widget__width-initial elementor-widget-mobile__width-inherit elementor-widget elementor-widget-text-editor\" data-id=\"5bd93e\" data-element_type=\"widget\" data-widget_type=\"text-editor.default\"><div class=\"elementor-widget-container\"><div class=\"elementor-element elementor-element-762055b0 elementor-widget__width-initial elementor-widget-mobile__width-inherit elementor-widget elementor-widget-text-editor\" data-id=\"762055b0\" data-element_type=\"widget\" data-widget_type=\"text-editor.default\"><div class=\"elementor-widget-container\"><p class=\"p1\">Get in touch to design your perfect day<\/p><\/div><\/div><\/div><\/div>\t\t\t\t\t\t\t\t<\/div>\n\t\t\t\t<\/div>\n\t\t\t\t<div class=\"elementor-element elementor-element-b92272f elementor-align-center elementor-widget elementor-widget-button\" data-id=\"b92272f\" data-element_type=\"widget\" data-widget_type=\"button.default\">\n\t\t\t\t<div class=\"elementor-widget-container\">\n\t\t\t\t\t\t\t\t\t<div class=\"elementor-button-wrapper\">\n\t\t\t\t\t<a class=\"elementor-button elementor-button-link elementor-size-sm elementor-animation-hang\" href=\"https:\/\/flawlesslivemusic.com\/en\/contacto\/\">\n\t\t\t\t\t\t<span class=\"elementor-button-content-wrapper\">\n\t\t\t\t\t\t\t\t\t<span class=\"elementor-button-text\">Text us \u27f6<\/span>\n\t\t\t\t\t<\/span>\n\t\t\t\t\t<\/a>\n\t\t\t\t<\/div>\n\t\t\t\t\t\t\t\t<\/div>\n\t\t\t\t<\/div>\n\t\t\t\t<\/div>\n\t\t<div class=\"elementor-element elementor-element-7e31216f e-con-full elementor-hidden-mobile e-flex e-con e-child\" data-id=\"7e31216f\" data-element_type=\"container\" data-settings=\"{&quot;background_background&quot;:&quot;classic&quot;}\">\n\t\t\t\t<\/div>\n\t\t\t\t<\/div>\n\t\t\t\t<\/div>","protected":false},"excerpt":{"rendered":"<p>duo Nuestras actuaciones giran en torno a arreglos vocales acompa\u00f1ados por una guitarra ac\u00fastica que cumple su papel con sutileza, pero con gran fuerza. El contraste entre nuestras voces y la guitarra crea la sinergia perfecta. Ver m\u00e1s \u27f6 trio La elegancia de un viol\u00edn o un fliscorno lleno de vida aportan un toque encantador [&hellip;]<\/p>","protected":false},"author":1,"featured_media":0,"parent":0,"menu_order":0,"comment_status":"closed","ping_status":"closed","template":"","meta":{"footnotes":""},"class_list":["post-296","page","type-page","status-publish","hentry"],"yoast_head":"<!-- This site is optimized with the Yoast SEO plugin v25.0 - https:\/\/yoast.com\/wordpress\/plugins\/seo\/ -->\n<title>Flawless Live Music| Formatos d\u00fao y tr\u00edo<\/title>\n<meta name=\"description\" content=\"Flawless Live Music| Conoce todos nuestros formatos para tu boda o evento en Ibiza| Formato d\u00fao y tr\u00edo| Contacta ahora\" \/>\n<meta name=\"robots\" content=\"index, follow, max-snippet:-1, max-image-preview:large, max-video-preview:-1\" \/>\n<link rel=\"canonical\" href=\"http:\/\/flawlesslivemusic.com\/en\/formatos\/\" \/>\n<meta property=\"og:locale\" content=\"en_GB\" \/>\n<meta property=\"og:type\" content=\"article\" \/>\n<meta property=\"og:title\" content=\"Flawless Live Music| Formatos d\u00fao y tr\u00edo\" \/>\n<meta property=\"og:description\" content=\"Flawless Live Music| Conoce todos nuestros formatos para tu boda o evento en Ibiza| Formato d\u00fao y tr\u00edo| Contacta ahora\" \/>\n<meta property=\"og:url\" content=\"http:\/\/flawlesslivemusic.com\/en\/formatos\/\" \/>\n<meta property=\"og:site_name\" content=\"Flawless Live Music\" \/>\n<meta property=\"article:modified_time\" content=\"2025-03-28T13:21:19+00:00\" \/>\n<meta name=\"twitter:card\" content=\"summary_large_image\" \/>\n<meta name=\"twitter:label1\" content=\"Estimated reading time\" \/>\n\t<meta name=\"twitter:data1\" content=\"1 minute\" \/>\n<script type=\"application\/ld+json\" class=\"yoast-schema-graph\">{\"@context\":\"https:\/\/schema.org\",\"@graph\":[{\"@type\":\"WebPage\",\"@id\":\"http:\/\/flawlesslivemusic.com\/en\/formatos\/\",\"url\":\"http:\/\/flawlesslivemusic.com\/en\/formatos\/\",\"name\":\"Flawless Live Music| Formatos d\u00fao y tr\u00edo\",\"isPartOf\":{\"@id\":\"https:\/\/flawlesslivemusic.com\/#website\"},\"datePublished\":\"2024-10-31T11:38:22+00:00\",\"dateModified\":\"2025-03-28T13:21:19+00:00\",\"description\":\"Flawless Live Music| Conoce todos nuestros formatos para tu boda o evento en Ibiza| Formato d\u00fao y tr\u00edo| Contacta ahora\",\"breadcrumb\":{\"@id\":\"http:\/\/flawlesslivemusic.com\/en\/formatos\/#breadcrumb\"},\"inLanguage\":\"en-GB\",\"potentialAction\":[{\"@type\":\"ReadAction\",\"target\":[\"http:\/\/flawlesslivemusic.com\/en\/formatos\/\"]}]},{\"@type\":\"BreadcrumbList\",\"@id\":\"http:\/\/flawlesslivemusic.com\/en\/formatos\/#breadcrumb\",\"itemListElement\":[{\"@type\":\"ListItem\",\"position\":1,\"name\":\"Portada\",\"item\":\"https:\/\/flawlesslivemusic.com\/\"},{\"@type\":\"ListItem\",\"position\":2,\"name\":\"Formatos\"}]},{\"@type\":\"WebSite\",\"@id\":\"https:\/\/flawlesslivemusic.com\/#website\",\"url\":\"https:\/\/flawlesslivemusic.com\/\",\"name\":\"Flawless Live Music\",\"description\":\"Profesional singers\",\"publisher\":{\"@id\":\"https:\/\/flawlesslivemusic.com\/#organization\"},\"potentialAction\":[{\"@type\":\"SearchAction\",\"target\":{\"@type\":\"EntryPoint\",\"urlTemplate\":\"https:\/\/flawlesslivemusic.com\/?s={search_term_string}\"},\"query-input\":{\"@type\":\"PropertyValueSpecification\",\"valueRequired\":true,\"valueName\":\"search_term_string\"}}],\"inLanguage\":\"en-GB\"},{\"@type\":\"Organization\",\"@id\":\"https:\/\/flawlesslivemusic.com\/#organization\",\"name\":\"Flawless Live Music\",\"url\":\"https:\/\/flawlesslivemusic.com\/\",\"logo\":{\"@type\":\"ImageObject\",\"inLanguage\":\"en-GB\",\"@id\":\"https:\/\/flawlesslivemusic.com\/#\/schema\/logo\/image\/\",\"url\":\"http:\/\/flawlesslivemusic.com\/wp-content\/uploads\/2024\/10\/1091279B-0A78-403F-8BF1-B91F240E4357-removebg-preview.png\",\"contentUrl\":\"http:\/\/flawlesslivemusic.com\/wp-content\/uploads\/2024\/10\/1091279B-0A78-403F-8BF1-B91F240E4357-removebg-preview.png\",\"width\":500,\"height\":500,\"caption\":\"Flawless Live Music\"},\"image\":{\"@id\":\"https:\/\/flawlesslivemusic.com\/#\/schema\/logo\/image\/\"},\"sameAs\":[\"https:\/\/www.instagram.com\/dc10ibizaofficial\/\",\"https:\/\/www.youtube.com\/@flawless.livemusic\"]}]}<\/script>\n<!-- \/ Yoast SEO plugin. -->","yoast_head_json":{"title":"Flawless Live Music| Formatos d\u00fao y tr\u00edo","description":"Flawless Live Music| Conoce todos nuestros formatos para tu boda o evento en Ibiza| Formato d\u00fao y tr\u00edo| Contacta ahora","robots":{"index":"index","follow":"follow","max-snippet":"max-snippet:-1","max-image-preview":"max-image-preview:large","max-video-preview":"max-video-preview:-1"},"canonical":"http:\/\/flawlesslivemusic.com\/en\/formatos\/","og_locale":"en_GB","og_type":"article","og_title":"Flawless Live Music| Formatos d\u00fao y tr\u00edo","og_description":"Flawless Live Music| Conoce todos nuestros formatos para tu boda o evento en Ibiza| Formato d\u00fao y tr\u00edo| Contacta ahora","og_url":"http:\/\/flawlesslivemusic.com\/en\/formatos\/","og_site_name":"Flawless Live Music","article_modified_time":"2025-03-28T13:21:19+00:00","twitter_card":"summary_large_image","twitter_misc":{"Estimated reading time":"1 minute"},"schema":{"@context":"https:\/\/schema.org","@graph":[{"@type":"WebPage","@id":"http:\/\/flawlesslivemusic.com\/en\/formatos\/","url":"http:\/\/flawlesslivemusic.com\/en\/formatos\/","name":"Flawless Live Music| Formatos d\u00fao y tr\u00edo","isPartOf":{"@id":"https:\/\/flawlesslivemusic.com\/#website"},"datePublished":"2024-10-31T11:38:22+00:00","dateModified":"2025-03-28T13:21:19+00:00","description":"Flawless Live Music| Conoce todos nuestros formatos para tu boda o evento en Ibiza| Formato d\u00fao y tr\u00edo| Contacta ahora","breadcrumb":{"@id":"http:\/\/flawlesslivemusic.com\/en\/formatos\/#breadcrumb"},"inLanguage":"en-GB","potentialAction":[{"@type":"ReadAction","target":["http:\/\/flawlesslivemusic.com\/en\/formatos\/"]}]},{"@type":"BreadcrumbList","@id":"http:\/\/flawlesslivemusic.com\/en\/formatos\/#breadcrumb","itemListElement":[{"@type":"ListItem","position":1,"name":"Portada","item":"https:\/\/flawlesslivemusic.com\/"},{"@type":"ListItem","position":2,"name":"Formatos"}]},{"@type":"WebSite","@id":"https:\/\/flawlesslivemusic.com\/#website","url":"https:\/\/flawlesslivemusic.com\/","name":"Flawless Live Music","description":"Profesional singers","publisher":{"@id":"https:\/\/flawlesslivemusic.com\/#organization"},"potentialAction":[{"@type":"SearchAction","target":{"@type":"EntryPoint","urlTemplate":"https:\/\/flawlesslivemusic.com\/?s={search_term_string}"},"query-input":{"@type":"PropertyValueSpecification","valueRequired":true,"valueName":"search_term_string"}}],"inLanguage":"en-GB"},{"@type":"Organization","@id":"https:\/\/flawlesslivemusic.com\/#organization","name":"Flawless Live Music","url":"https:\/\/flawlesslivemusic.com\/","logo":{"@type":"ImageObject","inLanguage":"en-GB","@id":"https:\/\/flawlesslivemusic.com\/#\/schema\/logo\/image\/","url":"http:\/\/flawlesslivemusic.com\/wp-content\/uploads\/2024\/10\/1091279B-0A78-403F-8BF1-B91F240E4357-removebg-preview.png","contentUrl":"http:\/\/flawlesslivemusic.com\/wp-content\/uploads\/2024\/10\/1091279B-0A78-403F-8BF1-B91F240E4357-removebg-preview.png","width":500,"height":500,"caption":"Flawless Live Music"},"image":{"@id":"https:\/\/flawlesslivemusic.com\/#\/schema\/logo\/image\/"},"sameAs":["https:\/\/www.instagram.com\/dc10ibizaofficial\/","https:\/\/www.youtube.com\/@flawless.livemusic"]}]}},"_links":{"self":[{"href":"http:\/\/flawlesslivemusic.com\/en\/wp-json\/wp\/v2\/pages\/296","targetHints":{"allow":["GET"]}}],"collection":[{"href":"http:\/\/flawlesslivemusic.com\/en\/wp-json\/wp\/v2\/pages"}],"about":[{"href":"http:\/\/flawlesslivemusic.com\/en\/wp-json\/wp\/v2\/types\/page"}],"author":[{"embeddable":true,"href":"http:\/\/flawlesslivemusic.com\/en\/wp-json\/wp\/v2\/users\/1"}],"replies":[{"embeddable":true,"href":"http:\/\/flawlesslivemusic.com\/en\/wp-json\/wp\/v2\/comments?post=296"}],"version-history":[{"count":128,"href":"http:\/\/flawlesslivemusic.com\/en\/wp-json\/wp\/v2\/pages\/296\/revisions"}],"predecessor-version":[{"id":1771,"href":"http:\/\/flawlesslivemusic.com\/en\/wp-json\/wp\/v2\/pages\/296\/revisions\/1771"}],"wp:attachment":[{"href":"http:\/\/flawlesslivemusic.com\/en\/wp-json\/wp\/v2\/media?parent=296"}],"curies":[{"name":"wp","href":"https:\/\/api.w.org\/{rel}","templated":true}]}}